{"id":371971,"date":"2024-03-21T09:32:20","date_gmt":"2024-03-21T09:32:20","guid":{"rendered":"https:\/\/roykastner.com\/declaracion-de-accesibilidad\/"},"modified":"2024-04-08T12:26:48","modified_gmt":"2024-04-08T12:26:48","slug":"declaracion-de-accesibilidad","status":"publish","type":"page","link":"https:\/\/roykastner.com\/en\/declaracion-de-accesibilidad\/","title":{"rendered":"Accessibility Statement"},"content":{"rendered":"<p>[et_pb_section fb_built=&#8221;1&#8243; _builder_version=&#8221;4.24.2&#8243; _module_preset=&#8221;default&#8221; custom_margin=&#8221;||||false|false&#8221; custom_padding=&#8221;100px||||false|false&#8221; border_color_all=&#8221;#e5ecf0&#8243; border_width_top=&#8221;7px&#8221; border_color_top=&#8221;#E5ECF0&#8243; global_colors_info=&#8221;{}&#8221;][et_pb_row _builder_version=&#8221;4.24.2&#8243; _module_preset=&#8221;default&#8221; custom_padding=&#8221;0px||0px||true|false&#8221; global_colors_info=&#8221;{}&#8221;][et_pb_column type=&#8221;4_4&#8243; _builder_version=&#8221;4.24.2&#8243; _module_preset=&#8221;default&#8221; global_colors_info=&#8221;{}&#8221;][et_pb_text _builder_version=&#8221;4.24.3&#8243; _module_preset=&#8221;default&#8221; header_text_color=&#8221;#000000&#8243; header_font_size=&#8221;50px&#8221; hover_enabled=&#8221;0&#8243; header_font_size_tablet=&#8221;30px&#8221; header_font_size_phone=&#8221;30px&#8221; header_font_size_last_edited=&#8221;on|phone&#8221; header_2_font_size_tablet=&#8221;&#8221; header_2_font_size_phone=&#8221;25px&#8221; header_2_font_size_last_edited=&#8221;on|phone&#8221; global_colors_info=&#8221;{}&#8221; sticky_enabled=&#8221;0&#8243;]<\/p>\n<h1 style=\"text-align: center;\">Accessibility Statement<\/h1>\n<p>[\/et_pb_text][\/et_pb_column][\/et_pb_row][\/et_pb_section][et_pb_section fb_built=&#8221;1&#8243; _builder_version=&#8221;4.24.2&#8243; _module_preset=&#8221;default&#8221; global_colors_info=&#8221;{}&#8221;][et_pb_row _builder_version=&#8221;4.24.2&#8243; _module_preset=&#8221;default&#8221; global_colors_info=&#8221;{}&#8221;][et_pb_column type=&#8221;4_4&#8243; _builder_version=&#8221;4.24.2&#8243; _module_preset=&#8221;default&#8221; global_colors_info=&#8221;{}&#8221;][et_pb_text _builder_version=&#8221;4.24.3&#8243; _module_preset=&#8221;default&#8221; header_2_text_color=&#8221;#000000&#8243; hover_enabled=&#8221;0&#8243; global_colors_info=&#8221;{}&#8221; header_text_color=&#8221;#000000&#8243; header_font_size_last_edited=&#8221;on|tablet&#8221; sticky_enabled=&#8221;0&#8243; header_2_font_size=&#8221;40px&#8221; header_2_font_size_last_edited=&#8221;on|desktop&#8221; header_2_font_size_tablet=&#8221;30px&#8221; header_2_font_size_phone=&#8221;30px&#8221;]<\/p>\n<h2>1. Situaci\u00f3n de cumplimiento<\/h2>\n<p>[\/et_pb_text][et_pb_text _builder_version=&#8221;4.24.3&#8243; _module_preset=&#8221;36b590f3-0421-4d34-8842-dbe10cffa25a&#8221; hover_enabled=&#8221;0&#8243; global_colors_info=&#8221;{}&#8221; sticky_enabled=&#8221;0&#8243;]<\/p>\n<p>Este sitio web es <strong>parcialmente conforme<\/strong> con la norma UNE-EN 301 549:2022 debido a la falta de conformidad de los aspectos que se indican a continuaci\u00f3n.<\/p>\n<p>[\/et_pb_text][\/et_pb_column][\/et_pb_row][et_pb_row _builder_version=&#8221;4.24.2&#8243; _module_preset=&#8221;default&#8221; global_colors_info=&#8221;{}&#8221;][et_pb_column type=&#8221;4_4&#8243; _builder_version=&#8221;4.24.2&#8243; _module_preset=&#8221;default&#8221; global_colors_info=&#8221;{}&#8221;][et_pb_text _builder_version=&#8221;4.24.3&#8243; _module_preset=&#8221;default&#8221; header_2_text_color=&#8221;#000000&#8243; hover_enabled=&#8221;0&#8243; global_colors_info=&#8221;{}&#8221; header_2_font_size=&#8221;40px&#8221; header_2_font_size_last_edited=&#8221;on|desktop&#8221; sticky_enabled=&#8221;0&#8243; header_2_font_size_tablet=&#8221;30px&#8221; header_2_font_size_phone=&#8221;30px&#8221;]<\/p>\n<h2>2. Contenido no accesible<\/h2>\n<p>[\/et_pb_text][et_pb_text _builder_version=&#8221;4.24.3&#8243; _module_preset=&#8221;default&#8221; text_font=&#8221;Open Sans||||||||&#8221; text_text_color=&#8221;#000000&#8243; ul_text_color=&#8221;#6889b0&#8243; header_3_text_color=&#8221;#6889B0&#8243; hover_enabled=&#8221;0&#8243; global_colors_info=&#8221;{}&#8221; header_3_font_size_last_edited=&#8221;on|tablet&#8221; sticky_enabled=&#8221;0&#8243;]<\/p>\n<h3>a) Falta de conformidad con la norma UNE-EN 301 549:2022:<\/h3>\n<p>[\/et_pb_text][et_pb_text _builder_version=&#8221;4.24.3&#8243; _module_preset=&#8221;36b590f3-0421-4d34-8842-dbe10cffa25a&#8221; hover_enabled=&#8221;0&#8243; custom_css_free_form=&#8221;li{||  padding-bottom: 20px;||}&#8221; global_colors_info=&#8221;{}&#8221; sticky_enabled=&#8221;0&#8243; ul_text_color=&#8221;#000000&#8243;]<\/p>\n<p>El formulario de contacto es un plugin de terceros y no cumple los siguientes requisitos:<\/p>\n<ul>\n<li>9.1.1.1 Contenido no textual:<br \/>Controles de formulario sin etiquetar<\/li>\n<li>9.1.3.1 Informaci\u00f3n y relaciones:<br \/>Controles de formulario sin etiquetar<\/li>\n<li>9.3.2.2 Al introducir datos<br \/>Formulario sin m\u00e9todo est\u00e1ndar de env\u00edo<\/li>\n<li>9.3.3.2 Etiquetas o instrucciones<br \/>Etiquetado de los controles de formulario<br \/>Etiquetas de campos de formulario (LABEL) ocultas visualmente<\/li>\n<li>9.4.1.2 Nombre, funci\u00f3n, valor<br \/>Controles de formulario sin etiquetar<br \/>Marcos sin t\u00edtulo<\/li>\n<\/ul>\n<p>[\/et_pb_text][et_pb_text _builder_version=&#8221;4.24.3&#8243; _module_preset=&#8221;36b590f3-0421-4d34-8842-dbe10cffa25a&#8221; hover_enabled=&#8221;0&#8243; global_colors_info=&#8221;{}&#8221; sticky_enabled=&#8221;0&#8243; ul_text_color=&#8221;#000000&#8243;]<\/p>\n<p>El m\u00f3dulo de blog en la p\u00e1gina de inicio inclumple:<\/p>\n<ul>\n<li>9.1.1.1 Contenido no textual<br \/>Enlaces consecutivos de texto e imagen al mismo recurso<\/li>\n<\/ul>\n<p>La secci\u00f3n de servicios en la home y el men\u00fa en la p\u00e1gina de Servicios, est\u00e1n etiquetados como t\u00edtulos e incumplen por tanto:<\/p>\n<ul>\n<li>9.1.3.1 Informaci\u00f3n y relaciones<br \/>Dos encabezados del mismo nivel seguidos sin contenido entre ellos<\/li>\n<li>9.2.4.1 Evitar bloques<br \/>Dos encabezados del mismo nivel seguidos sin contenido entre ellos<\/li>\n<\/ul>\n<p>En todas las p\u00e1ginas se incumplen los siguientes requisitos:<\/p>\n<ul>\n<ul>Plugin de cookies:<\/ul>\n<\/ul>\n<p>&nbsp;<\/p>\n<ul>\n<li>9.1.3.1-Informaci\u00f3n y relaciones<br \/>Controles de selecci\u00f3n sin agrupar<\/li>\n<\/ul>\n<ul>\n<ul>Selector de idiomas:<\/ul>\n<\/ul>\n<p>&nbsp;<\/p>\n<ul>\n<li>9.1.3.1-Informaci\u00f3n y relaciones<br \/>Presencia de listas vac\u00edas<\/li>\n<\/ul>\n<ul>\n<ul>La frase &#8220;Expat Psychotherapy and Counseling Network&#8221; aunque est\u00e1 en ingl\u00e9s se usa tambi\u00e9n en el sitio en espa\u00f1ol como &#8220;lema&#8221; en varias p\u00e1ginas del sitio. Por lo que incumple:<\/ul>\n<\/ul>\n<p>&nbsp;<\/p>\n<ul>\n<li>9.3.1.2-Idioma de las partes<br \/>Cambios en el idioma<\/li>\n<\/ul>\n<p>&nbsp;<\/p>\n<p>[\/et_pb_text][et_pb_text _builder_version=&#8221;4.24.2&#8243; _module_preset=&#8221;default&#8221; text_font=&#8221;Open Sans||||||||&#8221; text_text_color=&#8221;#000000&#8243; ul_text_color=&#8221;#6889b0&#8243; header_3_text_color=&#8221;#6889B0&#8243; global_colors_info=&#8221;{}&#8221;]<\/p>\n<h3>b) Carga desproporcionada:<\/h3>\n<p>[\/et_pb_text][et_pb_text _builder_version=&#8221;4.24.3&#8243; _module_preset=&#8221;36b590f3-0421-4d34-8842-dbe10cffa25a&#8221; custom_margin=&#8221;||50px||false|false&#8221; hover_enabled=&#8221;0&#8243; global_colors_info=&#8221;{}&#8221; sticky_enabled=&#8221;0&#8243;]<\/p>\n<p>No aplica.<\/p>\n<p>[\/et_pb_text][et_pb_text _builder_version=&#8221;4.24.2&#8243; _module_preset=&#8221;default&#8221; text_font=&#8221;Open Sans||||||||&#8221; text_text_color=&#8221;#000000&#8243; ul_text_color=&#8221;#6889b0&#8243; header_3_text_color=&#8221;#6889B0&#8243; global_colors_info=&#8221;{}&#8221;]<\/p>\n<h3>c) El contenido no entra dentro del \u00e1mbito de la legislaci\u00f3n aplicable:<\/h3>\n<p>[\/et_pb_text][et_pb_text _builder_version=&#8221;4.24.3&#8243; _module_preset=&#8221;36b590f3-0421-4d34-8842-dbe10cffa25a&#8221; hover_enabled=&#8221;0&#8243; global_colors_info=&#8221;{}&#8221; sticky_enabled=&#8221;0&#8243;]<\/p>\n<p>No aplica.<\/p>\n<p>[\/et_pb_text][\/et_pb_column][\/et_pb_row][et_pb_row _builder_version=&#8221;4.24.2&#8243; _module_preset=&#8221;default&#8221; global_colors_info=&#8221;{}&#8221;][et_pb_column type=&#8221;4_4&#8243; _builder_version=&#8221;4.24.2&#8243; _module_preset=&#8221;default&#8221; global_colors_info=&#8221;{}&#8221;][et_pb_text _builder_version=&#8221;4.24.3&#8243; _module_preset=&#8221;default&#8221; header_2_text_color=&#8221;#000000&#8243; hover_enabled=&#8221;0&#8243; global_colors_info=&#8221;{}&#8221; header_2_font_size=&#8221;40px&#8221; header_2_text_color_last_edited=&#8221;on|phone&#8221; sticky_enabled=&#8221;0&#8243; header_2_font_size_last_edited=&#8221;on|desktop&#8221; header_2_font_size_tablet=&#8221;30px&#8221; header_2_text_color_tablet=&#8221;#000000&#8243; header_2_text_color_phone=&#8221;#000000&#8243; header_2_font_size_phone=&#8221;30px&#8221;]<\/p>\n<h2>3. Preparaci\u00f3n de la presente declaraci\u00f3n de accesibilidad<\/h2>\n<p>[\/et_pb_text][et_pb_text _builder_version=&#8221;4.24.3&#8243; _module_preset=&#8221;36b590f3-0421-4d34-8842-dbe10cffa25a&#8221; hover_enabled=&#8221;0&#8243; global_colors_info=&#8221;{}&#8221; sticky_enabled=&#8221;0&#8243;]<\/p>\n<p>La presente declaraci\u00f3n fue preparada el 3 de abril de 2024.<\/p>\n<p>El m\u00e9todo empleado para la presente declaraci\u00f3n ha sido una autoevaluaci\u00f3n realizada por la misma empresa de desarrollo web (Etnonautas S.L.).<\/p>\n<p>\u00daltima revisi\u00f3n de la declaraci\u00f3n: 3 de abril de 2024.<\/p>\n<p>[\/et_pb_text][\/et_pb_column][\/et_pb_row][et_pb_row _builder_version=&#8221;4.24.2&#8243; _module_preset=&#8221;default&#8221; global_colors_info=&#8221;{}&#8221;][et_pb_column type=&#8221;4_4&#8243; _builder_version=&#8221;4.24.2&#8243; _module_preset=&#8221;default&#8221; global_colors_info=&#8221;{}&#8221;][et_pb_text _builder_version=&#8221;4.24.3&#8243; _module_preset=&#8221;default&#8221; header_2_text_color=&#8221;#000000&#8243; hover_enabled=&#8221;0&#8243; global_colors_info=&#8221;{}&#8221; header_2_font_size=&#8221;40px&#8221; header_2_font_size_last_edited=&#8221;on|desktop&#8221; sticky_enabled=&#8221;0&#8243; header_2_font_size_tablet=&#8221;30px&#8221; header_2_font_size_phone=&#8221;30px&#8221;]<\/p>\n<h2>4. Observaciones y datos de contacto<\/h2>\n<p>[\/et_pb_text][et_pb_text _builder_version=&#8221;4.24.3&#8243; _module_preset=&#8221;36b590f3-0421-4d34-8842-dbe10cffa25a&#8221; hover_enabled=&#8221;0&#8243; global_colors_info=&#8221;{}&#8221; ul_text_color=&#8221;#000000&#8243; sticky_enabled=&#8221;0&#8243;]<\/p>\n<p>Puede realizar comunicaciones sobre requisitos de accesibilidad (art\u00edculo 10.2.a) del RD 1112\/2018) como por ejemplo:<\/p>\n<ul>\n<li>informar sobre cualquier posible incumplimiento por parte de este sitio web<\/li>\n<li>transmitir otras dificultades de acceso al contenido<\/li>\n<li>formular cualquier otra consulta o sugerencia de mejora relativa a la accesibilidad del sitio web<\/li>\n<\/ul>\n<p>A trav\u00e9s del siguiente contacto (v\u00eda tel\u00e9fono o email)<\/p>\n<p>[\/et_pb_text][\/et_pb_column][\/et_pb_row][et_pb_row _builder_version=&#8221;4.24.2&#8243; _module_preset=&#8221;default&#8221; custom_margin=&#8221;-1px|auto||auto||&#8221; global_colors_info=&#8221;{}&#8221;][et_pb_column type=&#8221;4_4&#8243; _builder_version=&#8221;4.24.2&#8243; _module_preset=&#8221;default&#8221; global_colors_info=&#8221;{}&#8221;][et_pb_text _builder_version=&#8221;4.24.3&#8243; _module_preset=&#8221;default&#8221; header_2_text_color=&#8221;#000000&#8243; hover_enabled=&#8221;0&#8243; global_colors_info=&#8221;{}&#8221; header_2_font_size=&#8221;40px&#8221; header_2_font_size_last_edited=&#8221;on|desktop&#8221; sticky_enabled=&#8221;0&#8243; header_2_font_size_tablet=&#8221;30px&#8221; header_2_font_size_phone=&#8221;30px&#8221;]<\/p>\n<h2>5. Procedimiento de aplicaci\u00f3n<\/h2>\n<p>[\/et_pb_text][et_pb_text _builder_version=&#8221;4.24.3&#8243; _module_preset=&#8221;36b590f3-0421-4d34-8842-dbe10cffa25a&#8221; hover_enabled=&#8221;0&#8243; global_colors_info=&#8221;{}&#8221; sticky_enabled=&#8221;0&#8243;]<\/p>\n<p>Si una vez realizada una solicitud de informaci\u00f3n accesible o queja, \u00e9sta hubiera sido desestimada, no se estuviera de acuerdo con la decisi\u00f3n adoptada, o n o se hubiera obtenido respuesta la persona interesada podr\u00e1 iniciar una reclamaci\u00f3n.<\/p>\n<p>[\/et_pb_text][\/et_pb_column][\/et_pb_row][\/et_pb_section]<\/p>\n","protected":false},"excerpt":{"rendered":"<p>Accessibility Statement1. Situaci\u00f3n de cumplimientoEste sitio web es parcialmente conforme con la norma UNE-EN 301 549:2022 debido a la falta de conformidad de los aspectos que se indican a continuaci\u00f3n.2. Contenido no accesiblea) Falta de conformidad con la norma UNE-EN 301 549:2022:El formulario de contacto es un plugin de terceros y no cumple los siguientes [&hellip;]<\/p>\n","protected":false},"author":2,"featured_media":0,"parent":0,"menu_order":0,"comment_status":"closed","ping_status":"closed","template":"","meta":{"_et_pb_use_builder":"on","_et_pb_old_content":"","_et_gb_content_width":"","footnotes":""},"class_list":["post-371971","page","type-page","status-publish","hentry"],"yoast_head":"<!-- This site is optimized with the Yoast SEO plugin v27.5 - https:\/\/yoast.com\/product\/yoast-seo-wordpress\/ -->\n<title>Accessibility Statement - roykastner.com<\/title>\n<meta name=\"robots\" content=\"index, follow, max-snippet:-1, max-image-preview:large, max-video-preview:-1\" \/>\n<link rel=\"canonical\" href=\"https:\/\/roykastner.com\/en\/declaracion-de-accesibilidad\/\" \/>\n<meta property=\"og:locale\" content=\"en_US\" \/>\n<meta property=\"og:type\" content=\"article\" \/>\n<meta property=\"og:title\" content=\"Accessibility Statement - roykastner.com\" \/>\n<meta property=\"og:description\" content=\"Accessibility Statement1. Situaci\u00f3n de cumplimientoEste sitio web es parcialmente conforme con la norma UNE-EN 301 549:2022 debido a la falta de conformidad de los aspectos que se indican a continuaci\u00f3n.2. Contenido no accesiblea) Falta de conformidad con la norma UNE-EN 301 549:2022:El formulario de contacto es un plugin de terceros y no cumple los siguientes [&hellip;]\" \/>\n<meta property=\"og:url\" content=\"https:\/\/roykastner.com\/en\/declaracion-de-accesibilidad\/\" \/>\n<meta property=\"og:site_name\" content=\"roykastner.com\" \/>\n<meta property=\"article:modified_time\" content=\"2024-04-08T12:26:48+00:00\" \/>\n<meta name=\"twitter:card\" content=\"summary_large_image\" \/>\n<meta name=\"twitter:label1\" content=\"Est. reading time\" \/>\n\t<meta name=\"twitter:data1\" content=\"7 minutes\" \/>\n<script type=\"application\/ld+json\" class=\"yoast-schema-graph\">{\"@context\":\"https:\\\/\\\/schema.org\",\"@graph\":[{\"@type\":\"WebPage\",\"@id\":\"https:\\\/\\\/roykastner.com\\\/en\\\/declaracion-de-accesibilidad\\\/\",\"url\":\"https:\\\/\\\/roykastner.com\\\/en\\\/declaracion-de-accesibilidad\\\/\",\"name\":\"Accessibility Statement - roykastner.com\",\"isPartOf\":{\"@id\":\"https:\\\/\\\/roykastner.com\\\/en\\\/#website\"},\"datePublished\":\"2024-03-21T09:32:20+00:00\",\"dateModified\":\"2024-04-08T12:26:48+00:00\",\"breadcrumb\":{\"@id\":\"https:\\\/\\\/roykastner.com\\\/en\\\/declaracion-de-accesibilidad\\\/#breadcrumb\"},\"inLanguage\":\"en-US\",\"potentialAction\":[{\"@type\":\"ReadAction\",\"target\":[\"https:\\\/\\\/roykastner.com\\\/en\\\/declaracion-de-accesibilidad\\\/\"]}]},{\"@type\":\"BreadcrumbList\",\"@id\":\"https:\\\/\\\/roykastner.com\\\/en\\\/declaracion-de-accesibilidad\\\/#breadcrumb\",\"itemListElement\":[{\"@type\":\"ListItem\",\"position\":1,\"name\":\"Portada\",\"item\":\"https:\\\/\\\/roykastner.com\\\/en\\\/\"},{\"@type\":\"ListItem\",\"position\":2,\"name\":\"Accessibility Statement\"}]},{\"@type\":\"WebSite\",\"@id\":\"https:\\\/\\\/roykastner.com\\\/en\\\/#website\",\"url\":\"https:\\\/\\\/roykastner.com\\\/en\\\/\",\"name\":\"Roy Kastner Brill - Apoyo Psicol\u00f3gico para la Comunidad Internacional\",\"description\":\"Apoyo Psicol\u00f3gico para la Comunidad Internacional\",\"publisher\":{\"@id\":\"https:\\\/\\\/roykastner.com\\\/en\\\/#organization\"},\"alternateName\":\"Roy Kastner Brill Psic\u00f3logo\",\"potentialAction\":[{\"@type\":\"SearchAction\",\"target\":{\"@type\":\"EntryPoint\",\"urlTemplate\":\"https:\\\/\\\/roykastner.com\\\/en\\\/?s={search_term_string}\"},\"query-input\":{\"@type\":\"PropertyValueSpecification\",\"valueRequired\":true,\"valueName\":\"search_term_string\"}}],\"inLanguage\":\"en-US\"},{\"@type\":\"Organization\",\"@id\":\"https:\\\/\\\/roykastner.com\\\/en\\\/#organization\",\"name\":\"Roy Kastner - Expat Psychotherapy and Counseling Network\",\"url\":\"https:\\\/\\\/roykastner.com\\\/en\\\/\",\"logo\":{\"@type\":\"ImageObject\",\"inLanguage\":\"en-US\",\"@id\":\"https:\\\/\\\/roykastner.com\\\/en\\\/#\\\/schema\\\/logo\\\/image\\\/\",\"url\":\"https:\\\/\\\/roykastner.com\\\/wp-content\\\/uploads\\\/2024\\\/03\\\/Logo_RoyKastner-Psicologo.png\",\"contentUrl\":\"https:\\\/\\\/roykastner.com\\\/wp-content\\\/uploads\\\/2024\\\/03\\\/Logo_RoyKastner-Psicologo.png\",\"width\":554,\"height\":91,\"caption\":\"Roy Kastner - Expat Psychotherapy and Counseling Network\"},\"image\":{\"@id\":\"https:\\\/\\\/roykastner.com\\\/en\\\/#\\\/schema\\\/logo\\\/image\\\/\"},\"sameAs\":[\"https:\\\/\\\/www.linkedin.com\\\/in\\\/roy-kastner\\\/\"]}]}<\/script>\n<!-- \/ Yoast SEO plugin. -->","yoast_head_json":{"title":"Accessibility Statement - roykastner.com","robots":{"index":"index","follow":"follow","max-snippet":"max-snippet:-1","max-image-preview":"max-image-preview:large","max-video-preview":"max-video-preview:-1"},"canonical":"https:\/\/roykastner.com\/en\/declaracion-de-accesibilidad\/","og_locale":"en_US","og_type":"article","og_title":"Accessibility Statement - roykastner.com","og_description":"Accessibility Statement1. Situaci\u00f3n de cumplimientoEste sitio web es parcialmente conforme con la norma UNE-EN 301 549:2022 debido a la falta de conformidad de los aspectos que se indican a continuaci\u00f3n.2. Contenido no accesiblea) Falta de conformidad con la norma UNE-EN 301 549:2022:El formulario de contacto es un plugin de terceros y no cumple los siguientes [&hellip;]","og_url":"https:\/\/roykastner.com\/en\/declaracion-de-accesibilidad\/","og_site_name":"roykastner.com","article_modified_time":"2024-04-08T12:26:48+00:00","twitter_card":"summary_large_image","twitter_misc":{"Est. reading time":"7 minutes"},"schema":{"@context":"https:\/\/schema.org","@graph":[{"@type":"WebPage","@id":"https:\/\/roykastner.com\/en\/declaracion-de-accesibilidad\/","url":"https:\/\/roykastner.com\/en\/declaracion-de-accesibilidad\/","name":"Accessibility Statement - roykastner.com","isPartOf":{"@id":"https:\/\/roykastner.com\/en\/#website"},"datePublished":"2024-03-21T09:32:20+00:00","dateModified":"2024-04-08T12:26:48+00:00","breadcrumb":{"@id":"https:\/\/roykastner.com\/en\/declaracion-de-accesibilidad\/#breadcrumb"},"inLanguage":"en-US","potentialAction":[{"@type":"ReadAction","target":["https:\/\/roykastner.com\/en\/declaracion-de-accesibilidad\/"]}]},{"@type":"BreadcrumbList","@id":"https:\/\/roykastner.com\/en\/declaracion-de-accesibilidad\/#breadcrumb","itemListElement":[{"@type":"ListItem","position":1,"name":"Portada","item":"https:\/\/roykastner.com\/en\/"},{"@type":"ListItem","position":2,"name":"Accessibility Statement"}]},{"@type":"WebSite","@id":"https:\/\/roykastner.com\/en\/#website","url":"https:\/\/roykastner.com\/en\/","name":"Roy Kastner Brill - Apoyo Psicol\u00f3gico para la Comunidad Internacional","description":"Apoyo Psicol\u00f3gico para la Comunidad Internacional","publisher":{"@id":"https:\/\/roykastner.com\/en\/#organization"},"alternateName":"Roy Kastner Brill Psic\u00f3logo","potentialAction":[{"@type":"SearchAction","target":{"@type":"EntryPoint","urlTemplate":"https:\/\/roykastner.com\/en\/?s={search_term_string}"},"query-input":{"@type":"PropertyValueSpecification","valueRequired":true,"valueName":"search_term_string"}}],"inLanguage":"en-US"},{"@type":"Organization","@id":"https:\/\/roykastner.com\/en\/#organization","name":"Roy Kastner - Expat Psychotherapy and Counseling Network","url":"https:\/\/roykastner.com\/en\/","logo":{"@type":"ImageObject","inLanguage":"en-US","@id":"https:\/\/roykastner.com\/en\/#\/schema\/logo\/image\/","url":"https:\/\/roykastner.com\/wp-content\/uploads\/2024\/03\/Logo_RoyKastner-Psicologo.png","contentUrl":"https:\/\/roykastner.com\/wp-content\/uploads\/2024\/03\/Logo_RoyKastner-Psicologo.png","width":554,"height":91,"caption":"Roy Kastner - Expat Psychotherapy and Counseling Network"},"image":{"@id":"https:\/\/roykastner.com\/en\/#\/schema\/logo\/image\/"},"sameAs":["https:\/\/www.linkedin.com\/in\/roy-kastner\/"]}]}},"_links":{"self":[{"href":"https:\/\/roykastner.com\/en\/wp-json\/wp\/v2\/pages\/371971","targetHints":{"allow":["GET"]}}],"collection":[{"href":"https:\/\/roykastner.com\/en\/wp-json\/wp\/v2\/pages"}],"about":[{"href":"https:\/\/roykastner.com\/en\/wp-json\/wp\/v2\/types\/page"}],"author":[{"embeddable":true,"href":"https:\/\/roykastner.com\/en\/wp-json\/wp\/v2\/users\/2"}],"replies":[{"embeddable":true,"href":"https:\/\/roykastner.com\/en\/wp-json\/wp\/v2\/comments?post=371971"}],"version-history":[{"count":7,"href":"https:\/\/roykastner.com\/en\/wp-json\/wp\/v2\/pages\/371971\/revisions"}],"predecessor-version":[{"id":372265,"href":"https:\/\/roykastner.com\/en\/wp-json\/wp\/v2\/pages\/371971\/revisions\/372265"}],"wp:attachment":[{"href":"https:\/\/roykastner.com\/en\/wp-json\/wp\/v2\/media?parent=371971"}],"curies":[{"name":"wp","href":"https:\/\/api.w.org\/{rel}","templated":true}]}}